{"id":60779,"date":"2026-04-22T13:54:44","date_gmt":"2026-04-22T13:54:44","guid":{"rendered":"https:\/\/chahrazadbaby.com\/en\/?post_type=product&#038;p=60779"},"modified":"2026-04-22T16:44:39","modified_gmt":"2026-04-22T16:44:39","slug":"pack-grenouilleres-bebe-100-en-coton-pack-2-ps-4-ps-ou-6-pieces","status":"publish","type":"product","link":"https:\/\/chahrazadbaby.com\/ar\/produit\/pack-grenouilleres-bebe-100-en-coton-pack-2-ps-4-ps-ou-6-pieces\/","title":{"rendered":"Pack grenouill\u00e8res b\u00e9b\u00e9 100% en coton \u2013 pack 2 ps , 4 ps ou 6 pi\u00e8ces"},"content":{"rendered":"<p>100% coton doux et respirant<\/p>\n<p>\u2022 Pack 2 pi\u00e8ces : 199dh DH<br \/>\n\u2022 Pack 4 pi\u00e8ces : 379 DH<br \/>\n\u2022 Pack 6 pi\u00e8ces : 549 DH<\/p>\n<p>Motifs adorables et vari\u00e9s<br \/>\nFermeture pratique pour change facile<br \/>\nConfort optimal jour et nuit<\/p>","protected":false},"excerpt":{"rendered":"<p>100% coton doux et respirant \u2022 Pack 2 pi\u00e8ces : 199dh DH \u2022 Pack 4 pi\u00e8ces : 379 DH \u2022 Pack 6 pi\u00e8ces : 549 DH Motifs adorables et vari\u00e9s Fermeture pratique pour change facile Confort optimal jour et nuit<\/p>","protected":false},"featured_media":60778,"template":"","meta":{"pgc_sgb_lightbox_settings":""},"product_brand":[],"product_cat":[15,48,76,68,43],"product_tag":[],"class_list":{"0":"post-60779","1":"product","2":"type-product","3":"status-publish","4":"has-post-thumbnail","6":"product_cat-bebe-fille","7":"product_cat-bebe-garcon","8":"product_cat-grenouilleres-bebe-garcon-barboteuses-pyjamas","9":"product_cat-grenouillere-barboteuse-et-pyjama","10":"product_cat-idee-cadeaux","11":"pa_brand-pack-2ps","12":"pa_brand-pack-4ps","13":"pa_brand-pack-6ps","15":"first","16":"instock","17":"sale","18":"shipping-taxable","19":"purchasable","20":"product-type-variable"},"bundled_by":[],"bundle_stock_status":"instock","bundle_stock_quantity":null,"bundle_virtual":false,"bundle_layout":"","bundle_add_to_cart_form_location":"","bundle_editable_in_cart":false,"bundle_sold_individually_context":"","bundle_item_grouping":"","bundle_min_size":"","bundle_max_size":"","bundle_price":[],"bundled_items":[],"bundle_sell_ids":[],"jetpack_sharing_enabled":true,"_links":{"self":[{"href":"https:\/\/chahrazadbaby.com\/ar\/wp-json\/wp\/v2\/product\/60779","targetHints":{"allow":["GET"]}}],"collection":[{"href":"https:\/\/chahrazadbaby.com\/ar\/wp-json\/wp\/v2\/product"}],"about":[{"href":"https:\/\/chahrazadbaby.com\/ar\/wp-json\/wp\/v2\/types\/product"}],"wp:featuredmedia":[{"embeddable":true,"href":"https:\/\/chahrazadbaby.com\/ar\/wp-json\/wp\/v2\/media\/60778"}],"wp:attachment":[{"href":"https:\/\/chahrazadbaby.com\/ar\/wp-json\/wp\/v2\/media?parent=60779"}],"wp:term":[{"taxonomy":"product_brand","embeddable":true,"href":"https:\/\/chahrazadbaby.com\/ar\/wp-json\/wp\/v2\/product_brand?post=60779"},{"taxonomy":"product_cat","embeddable":true,"href":"https:\/\/chahrazadbaby.com\/ar\/wp-json\/wp\/v2\/product_cat?post=60779"},{"taxonomy":"product_tag","embeddable":true,"href":"https:\/\/chahrazadbaby.com\/ar\/wp-json\/wp\/v2\/product_tag?post=60779"}],"curies":[{"name":"wp","href":"https:\/\/api.w.org\/{rel}","templated":true}]}}