{"id":60711,"date":"2026-04-21T20:20:38","date_gmt":"2026-04-21T20:20:38","guid":{"rendered":"https:\/\/chahrazadbaby.com\/en\/?post_type=product&#038;p=60711"},"modified":"2026-04-21T20:22:31","modified_gmt":"2026-04-21T20:22:31","slug":"salopette-bebe-ete-avec-t-shirt-ensemble-chic-confortable-%f0%9f%8c%bf","status":"publish","type":"product","link":"https:\/\/chahrazadbaby.com\/ar\/produit\/salopette-bebe-ete-avec-t-shirt-ensemble-chic-confortable-%f0%9f%8c%bf\/","title":{"rendered":"Salopette b\u00e9b\u00e9 \u00e9t\u00e9 avec t-shirt \u2013 Ensemble chic &amp; confortable \ud83c\udf3f"},"content":{"rendered":"<p>Craquez pour cet adorable ensemble compos\u00e9 d\u2019une salopette short et d\u2019un t-shirt doux, parfait pour les journ\u00e9es ensoleill\u00e9es \u2600\ufe0f<\/p>\n<p>Couleurs : beige &amp; rose poudr\u00e9<br \/>\nTailles : 6-9 \/ 9-12 \/ 12-18 \/ 18-24 mois<\/p>","protected":false},"excerpt":{"rendered":"<p>Craquez pour cet adorable ensemble compos\u00e9 d\u2019une salopette short et d\u2019un t-shirt doux, parfait pour les journ\u00e9es ensoleill\u00e9es \u2600\ufe0f Couleurs : beige &amp; rose poudr\u00e9 Tailles : 6-9 \/ 9-12 \/ 12-18 \/ 18-24 mois<\/p>","protected":false},"featured_media":60709,"template":"","meta":{"pgc_sgb_lightbox_settings":""},"product_brand":[],"product_cat":[15,48,150,149],"product_tag":[],"class_list":{"0":"post-60711","1":"product","2":"type-product","3":"status-publish","4":"has-post-thumbnail","6":"product_cat-bebe-fille","7":"product_cat-bebe-garcon","8":"product_cat-ensembles-bebe-garcon","9":"product_cat-ensembles","10":"pa_color-biege","11":"pa_color-rose","13":"first","14":"instock","15":"shipping-taxable","16":"purchasable","17":"product-type-variable"},"bundled_by":[],"bundle_stock_status":"instock","bundle_stock_quantity":1000,"bundle_virtual":false,"bundle_layout":"","bundle_add_to_cart_form_location":"","bundle_editable_in_cart":false,"bundle_sold_individually_context":"","bundle_item_grouping":"","bundle_min_size":"","bundle_max_size":"","bundle_price":[],"bundled_items":[],"bundle_sell_ids":[],"jetpack_sharing_enabled":true,"_links":{"self":[{"href":"https:\/\/chahrazadbaby.com\/ar\/wp-json\/wp\/v2\/product\/60711","targetHints":{"allow":["GET"]}}],"collection":[{"href":"https:\/\/chahrazadbaby.com\/ar\/wp-json\/wp\/v2\/product"}],"about":[{"href":"https:\/\/chahrazadbaby.com\/ar\/wp-json\/wp\/v2\/types\/product"}],"wp:featuredmedia":[{"embeddable":true,"href":"https:\/\/chahrazadbaby.com\/ar\/wp-json\/wp\/v2\/media\/60709"}],"wp:attachment":[{"href":"https:\/\/chahrazadbaby.com\/ar\/wp-json\/wp\/v2\/media?parent=60711"}],"wp:term":[{"taxonomy":"product_brand","embeddable":true,"href":"https:\/\/chahrazadbaby.com\/ar\/wp-json\/wp\/v2\/product_brand?post=60711"},{"taxonomy":"product_cat","embeddable":true,"href":"https:\/\/chahrazadbaby.com\/ar\/wp-json\/wp\/v2\/product_cat?post=60711"},{"taxonomy":"product_tag","embeddable":true,"href":"https:\/\/chahrazadbaby.com\/ar\/wp-json\/wp\/v2\/product_tag?post=60711"}],"curies":[{"name":"wp","href":"https:\/\/api.w.org\/{rel}","templated":true}]}}