{"id":58960,"date":"2026-01-01T13:31:07","date_gmt":"2026-01-01T13:31:07","guid":{"rendered":"https:\/\/chahrazadbaby.com\/fr\/produit\/toilette-educative-bebe-mini-wc-dapprentissage-avec-couvercle\/"},"modified":"2026-01-09T17:02:50","modified_gmt":"2026-01-09T17:02:50","slug":"toilette-educative-bebe-mini-wc-dapprentissage-avec-couvercle","status":"publish","type":"product","link":"https:\/\/chahrazadbaby.com\/ar\/produit\/toilette-educative-bebe-mini-wc-dapprentissage-avec-couvercle\/","title":{"rendered":"Toilette \u00e9ducative b\u00e9b\u00e9 &#8211; Mini WC d&#8217;apprentissage avec couvercle"},"content":{"rendered":"<p>Toilette \u00e9ducative pour b\u00e9b\u00e9, con\u00e7ue pour accompagner l&#8217;enfant en douceur dans l&#8217;apprentissage de la propret\u00e9.<\/p>\n<p>Son design en forme de vrai WC rassure l&#8217;enfant<\/p>\n<p>et facilite la transition du pot au toilette.<\/p>\n<p>Dot\u00e9e d&#8217;un couvercle relevable, d&#8217;une assise<\/p>\n<p>confortable et stable, elle est id\u00e9ale pour une utilisation quotidienne \u00e0 la maison.<\/p>\n<p>Facile \u00e0 nettoyer, l\u00e9g\u00e8re et pratique, parfaite pour encourager l&#8217;autonomie d\u00e8s le plus jeune \u00e2ge.<\/p>","protected":false},"excerpt":{"rendered":"<p>Toilette \u00e9ducative pour b\u00e9b\u00e9, con\u00e7ue pour accompagner l&#8217;enfant en douceur dans l&#8217;apprentissage de la propret\u00e9. Son design en forme de vrai WC rassure l&#8217;enfant et facilite la transition du pot au toilette. Dot\u00e9e d&#8217;un couvercle relevable, d&#8217;une assise confortable et stable, elle est id\u00e9ale pour une utilisation quotidienne \u00e0 la maison. Facile \u00e0 nettoyer, l\u00e9g\u00e8re&#8230;<a class=\"r_more_blog\" href=\"https:\/\/chahrazadbaby.com\/ar\/produit\/toilette-educative-bebe-mini-wc-dapprentissage-avec-couvercle\/#more-58960\"> continue reading<\/a><\/p>","protected":false},"featured_media":58951,"template":"","meta":{"pgc_sgb_lightbox_settings":""},"product_brand":[],"product_cat":[15,48,74,82],"product_tag":[],"class_list":{"0":"post-58960","1":"product","2":"type-product","3":"status-publish","4":"has-post-thumbnail","6":"product_cat-bebe-fille","7":"product_cat-bebe-garcon","8":"product_cat-produits-de-soin","9":"product_cat-produits-de-soin-bebe-garcon","11":"first","12":"instock","13":"sale","14":"shipping-taxable","15":"purchasable","16":"product-type-simple"},"bundled_by":[],"bundle_stock_status":"instock","bundle_stock_quantity":null,"bundle_virtual":false,"bundle_layout":"","bundle_add_to_cart_form_location":"","bundle_editable_in_cart":false,"bundle_sold_individually_context":"","bundle_item_grouping":"","bundle_min_size":"","bundle_max_size":"","bundle_price":[],"bundled_items":[],"bundle_sell_ids":[],"jetpack_sharing_enabled":true,"_links":{"self":[{"href":"https:\/\/chahrazadbaby.com\/ar\/wp-json\/wp\/v2\/product\/58960","targetHints":{"allow":["GET"]}}],"collection":[{"href":"https:\/\/chahrazadbaby.com\/ar\/wp-json\/wp\/v2\/product"}],"about":[{"href":"https:\/\/chahrazadbaby.com\/ar\/wp-json\/wp\/v2\/types\/product"}],"wp:featuredmedia":[{"embeddable":true,"href":"https:\/\/chahrazadbaby.com\/ar\/wp-json\/wp\/v2\/media\/58951"}],"wp:attachment":[{"href":"https:\/\/chahrazadbaby.com\/ar\/wp-json\/wp\/v2\/media?parent=58960"}],"wp:term":[{"taxonomy":"product_brand","embeddable":true,"href":"https:\/\/chahrazadbaby.com\/ar\/wp-json\/wp\/v2\/product_brand?post=58960"},{"taxonomy":"product_cat","embeddable":true,"href":"https:\/\/chahrazadbaby.com\/ar\/wp-json\/wp\/v2\/product_cat?post=58960"},{"taxonomy":"product_tag","embeddable":true,"href":"https:\/\/chahrazadbaby.com\/ar\/wp-json\/wp\/v2\/product_tag?post=58960"}],"curies":[{"name":"wp","href":"https:\/\/api.w.org\/{rel}","templated":true}]}}