{"id":57242,"date":"2025-11-14T14:10:49","date_gmt":"2025-11-14T14:10:49","guid":{"rendered":"https:\/\/chahrazadbaby.com\/fr\/?post_type=product&#038;p=57242"},"modified":"2026-04-03T10:42:13","modified_gmt":"2026-04-03T10:42:13","slug":"coffret-cadeau-de-naissance-4-pieces-en-tricot-cotele-collection-premier-jour-de-bebe-2-2","status":"publish","type":"product","link":"https:\/\/chahrazadbaby.com\/ar\/produit\/coffret-cadeau-de-naissance-4-pieces-en-tricot-cotele-collection-premier-jour-de-bebe-2-2\/","title":{"rendered":"Coffret Cadeau de Naissance 4 Pi\u00e8ces en Tricot  &#8211; Collection Premier Jour de B\u00e9b\u00e9 &#8211;"},"content":{"rendered":"<p>Le cadeau de naissance par excellence! Cet ensemble luxueux de 4 pi\u00e8ces en maille ultra-douce (grenouill\u00e8re, bonnet, chaussons et couverture) offre chaleur, confort et \u00e9l\u00e9gance d\u00e8s les premiers jours.<\/p>\n<p>taille : 0.3mois<\/p>","protected":false},"excerpt":{"rendered":"<p>Le cadeau de naissance par excellence! Cet ensemble luxueux de 4 pi\u00e8ces en maille ultra-douce (grenouill\u00e8re, bonnet, chaussons et couverture) offre chaleur, confort et \u00e9l\u00e9gance d\u00e8s les premiers jours. taille : 0.3mois<\/p>","protected":false},"featured_media":57250,"template":"","meta":{"pgc_sgb_lightbox_settings":""},"product_brand":[],"product_cat":[15,48,43,67,75],"product_tag":[],"class_list":{"0":"post-57242","1":"product","2":"type-product","3":"status-publish","4":"has-post-thumbnail","6":"product_cat-bebe-fille","7":"product_cat-bebe-garcon","8":"product_cat-idee-cadeaux","9":"product_cat-pack-sortie-clinique","10":"product_cat-pack-sortie-clinique-bebe-garcon","11":"pa_color-biege","12":"pa_color-blanc","13":"pa_color-bleu-ciel","14":"pa_color-gris","15":"pa_color-rose","17":"first","18":"instock","19":"sale","20":"shipping-taxable","21":"purchasable","22":"product-type-variable"},"bundled_by":[],"bundle_stock_status":"instock","bundle_stock_quantity":null,"bundle_virtual":false,"bundle_layout":"","bundle_add_to_cart_form_location":"","bundle_editable_in_cart":false,"bundle_sold_individually_context":"","bundle_item_grouping":"","bundle_min_size":"","bundle_max_size":"","bundle_price":[],"bundled_items":[],"bundle_sell_ids":[],"jetpack_sharing_enabled":true,"_links":{"self":[{"href":"https:\/\/chahrazadbaby.com\/ar\/wp-json\/wp\/v2\/product\/57242","targetHints":{"allow":["GET"]}}],"collection":[{"href":"https:\/\/chahrazadbaby.com\/ar\/wp-json\/wp\/v2\/product"}],"about":[{"href":"https:\/\/chahrazadbaby.com\/ar\/wp-json\/wp\/v2\/types\/product"}],"wp:featuredmedia":[{"embeddable":true,"href":"https:\/\/chahrazadbaby.com\/ar\/wp-json\/wp\/v2\/media\/57250"}],"wp:attachment":[{"href":"https:\/\/chahrazadbaby.com\/ar\/wp-json\/wp\/v2\/media?parent=57242"}],"wp:term":[{"taxonomy":"product_brand","embeddable":true,"href":"https:\/\/chahrazadbaby.com\/ar\/wp-json\/wp\/v2\/product_brand?post=57242"},{"taxonomy":"product_cat","embeddable":true,"href":"https:\/\/chahrazadbaby.com\/ar\/wp-json\/wp\/v2\/product_cat?post=57242"},{"taxonomy":"product_tag","embeddable":true,"href":"https:\/\/chahrazadbaby.com\/ar\/wp-json\/wp\/v2\/product_tag?post=57242"}],"curies":[{"name":"wp","href":"https:\/\/api.w.org\/{rel}","templated":true}]}}