{"id":56861,"date":"2025-11-07T17:04:31","date_gmt":"2025-11-07T17:04:31","guid":{"rendered":"https:\/\/chahrazadbaby.com\/fr\/?post_type=product&#038;p=56861"},"modified":"2025-12-25T08:22:06","modified_gmt":"2025-12-25T08:22:06","slug":"pack-hiver-grenouillere-papillons-matelassee-combinaison-montonier-oreilles-de-lapin","status":"publish","type":"product","link":"https:\/\/chahrazadbaby.com\/ar\/produit\/pack-hiver-grenouillere-papillons-matelassee-combinaison-montonier-oreilles-de-lapin\/","title":{"rendered":"Pack Hiver Grenouill\u00e8re Papillons Matelass\u00e9e &amp;  Combinaison montonier Oreilles de Lapin"},"content":{"rendered":"<p>Offrez une chaleur enveloppante \u00e0 votre b\u00e9b\u00e9 avec ce pack hiver ultra-douillet 2-en-1 de Chahrazad Baby. Le lot comprend:<\/p>\n<p>Combinaison Papillons Matelass\u00e9e &amp; Combinaison montonier Oreilles de Lapin<\/p>","protected":false},"excerpt":{"rendered":"<p>Offrez une chaleur enveloppante \u00e0 votre b\u00e9b\u00e9 avec ce pack hiver ultra-douillet 2-en-1 de Chahrazad Baby. Le lot comprend: Combinaison Papillons Matelass\u00e9e &amp; Combinaison montonier Oreilles de Lapin<\/p>","protected":false},"featured_media":56860,"template":"","meta":{"pgc_sgb_lightbox_settings":""},"product_brand":[],"product_cat":[15,68,43,67],"product_tag":[],"class_list":{"0":"post-56861","1":"product","2":"type-product","3":"status-publish","4":"has-post-thumbnail","6":"product_cat-bebe-fille","7":"product_cat-grenouillere-barboteuse-et-pyjama","8":"product_cat-idee-cadeaux","9":"product_cat-pack-sortie-clinique","11":"first","12":"instock","13":"sale","14":"shipping-taxable","15":"purchasable","16":"product-type-variable"},"bundled_by":[],"bundle_stock_status":"instock","bundle_stock_quantity":null,"bundle_virtual":false,"bundle_layout":"","bundle_add_to_cart_form_location":"","bundle_editable_in_cart":false,"bundle_sold_individually_context":"","bundle_item_grouping":"","bundle_min_size":"","bundle_max_size":"","bundle_price":[],"bundled_items":[],"bundle_sell_ids":[],"jetpack_sharing_enabled":true,"_links":{"self":[{"href":"https:\/\/chahrazadbaby.com\/ar\/wp-json\/wp\/v2\/product\/56861","targetHints":{"allow":["GET"]}}],"collection":[{"href":"https:\/\/chahrazadbaby.com\/ar\/wp-json\/wp\/v2\/product"}],"about":[{"href":"https:\/\/chahrazadbaby.com\/ar\/wp-json\/wp\/v2\/types\/product"}],"wp:featuredmedia":[{"embeddable":true,"href":"https:\/\/chahrazadbaby.com\/ar\/wp-json\/wp\/v2\/media\/56860"}],"wp:attachment":[{"href":"https:\/\/chahrazadbaby.com\/ar\/wp-json\/wp\/v2\/media?parent=56861"}],"wp:term":[{"taxonomy":"product_brand","embeddable":true,"href":"https:\/\/chahrazadbaby.com\/ar\/wp-json\/wp\/v2\/product_brand?post=56861"},{"taxonomy":"product_cat","embeddable":true,"href":"https:\/\/chahrazadbaby.com\/ar\/wp-json\/wp\/v2\/product_cat?post=56861"},{"taxonomy":"product_tag","embeddable":true,"href":"https:\/\/chahrazadbaby.com\/ar\/wp-json\/wp\/v2\/product_tag?post=56861"}],"curies":[{"name":"wp","href":"https:\/\/api.w.org\/{rel}","templated":true}]}}