{"id":56479,"date":"2025-10-29T17:31:44","date_gmt":"2025-10-29T17:31:44","guid":{"rendered":"https:\/\/chahrazadbaby.com\/fr\/?post_type=product&#038;p=56479"},"modified":"2026-01-09T12:07:32","modified_gmt":"2026-01-09T12:07:32","slug":"coffret-tricot-noeuds-de-douceur-100-doux-pour-hiver","status":"publish","type":"product","link":"https:\/\/chahrazadbaby.com\/ar\/produit\/coffret-tricot-noeuds-de-douceur-100-doux-pour-hiver\/","title":{"rendered":"Coffret Tricot \u00ab N\u0153uds de Douceur \u00bb 100% Doux pour Hiver"},"content":{"rendered":"<p>Un ensemble irr\u00e9sistible pour accueillir b\u00e9b\u00e9 dans un cocon de chaleur et d&#8217;\u00e9l\u00e9gance. Notre coffret N\u0153uds de Douceur comprend une combinaison tricot\u00e9e, un bonnet assorti et une couverture r\u00e9versible, le tout en fils doux id\u00e9al pour la saison froide.<\/p>\n<p>Disponible en rouge \u00e9clatant ou beige tendre, chaque pi\u00e8ce est orn\u00e9e de jolis petits n\u0153uds pour une touche raffin\u00e9e et intemporelle.<\/p>\n<p>Parfait comme cadeau de naissance ou pour les premiers jours de b\u00e9b\u00e9.<\/p>\n<p>Tailles: 0-3 mois<\/p>\n<p>Composition: fil sp\u00e9cial pour b\u00e9b\u00e9<\/p>\n<p>Saison: Hiver<\/p>","protected":false},"excerpt":{"rendered":"<p>Un ensemble irr\u00e9sistible pour accueillir b\u00e9b\u00e9 dans un cocon de chaleur et d&#8217;\u00e9l\u00e9gance. Notre coffret N\u0153uds de Douceur comprend une combinaison tricot\u00e9e, un bonnet assorti et une couverture r\u00e9versible, le tout en fils doux id\u00e9al pour la saison froide. Disponible en rouge \u00e9clatant ou beige tendre, chaque pi\u00e8ce est orn\u00e9e de jolis petits n\u0153uds pour&#8230;<a class=\"r_more_blog\" href=\"https:\/\/chahrazadbaby.com\/ar\/produit\/coffret-tricot-noeuds-de-douceur-100-doux-pour-hiver\/#more-56479\"> continue reading<\/a><\/p>","protected":false},"featured_media":56476,"template":"","meta":{"pgc_sgb_lightbox_settings":""},"product_brand":[],"product_cat":[73,15,68,43,67],"product_tag":[],"class_list":{"0":"post-56479","1":"product","2":"type-product","3":"status-publish","4":"has-post-thumbnail","6":"product_cat-bapteme-et-fetes","7":"product_cat-bebe-fille","8":"product_cat-grenouillere-barboteuse-et-pyjama","9":"product_cat-idee-cadeaux","10":"product_cat-pack-sortie-clinique","11":"pa_color-biege","12":"pa_color-rouge","14":"first","15":"instock","16":"sale","17":"shipping-taxable","18":"purchasable","19":"product-type-variable"},"bundled_by":[],"bundle_stock_status":"instock","bundle_stock_quantity":null,"bundle_virtual":false,"bundle_layout":"","bundle_add_to_cart_form_location":"","bundle_editable_in_cart":false,"bundle_sold_individually_context":"","bundle_item_grouping":"","bundle_min_size":"","bundle_max_size":"","bundle_price":[],"bundled_items":[],"bundle_sell_ids":[],"jetpack_sharing_enabled":true,"_links":{"self":[{"href":"https:\/\/chahrazadbaby.com\/ar\/wp-json\/wp\/v2\/product\/56479","targetHints":{"allow":["GET"]}}],"collection":[{"href":"https:\/\/chahrazadbaby.com\/ar\/wp-json\/wp\/v2\/product"}],"about":[{"href":"https:\/\/chahrazadbaby.com\/ar\/wp-json\/wp\/v2\/types\/product"}],"wp:featuredmedia":[{"embeddable":true,"href":"https:\/\/chahrazadbaby.com\/ar\/wp-json\/wp\/v2\/media\/56476"}],"wp:attachment":[{"href":"https:\/\/chahrazadbaby.com\/ar\/wp-json\/wp\/v2\/media?parent=56479"}],"wp:term":[{"taxonomy":"product_brand","embeddable":true,"href":"https:\/\/chahrazadbaby.com\/ar\/wp-json\/wp\/v2\/product_brand?post=56479"},{"taxonomy":"product_cat","embeddable":true,"href":"https:\/\/chahrazadbaby.com\/ar\/wp-json\/wp\/v2\/product_cat?post=56479"},{"taxonomy":"product_tag","embeddable":true,"href":"https:\/\/chahrazadbaby.com\/ar\/wp-json\/wp\/v2\/product_tag?post=56479"}],"curies":[{"name":"wp","href":"https:\/\/api.w.org\/{rel}","templated":true}]}}