{"id":55687,"date":"2025-09-30T10:51:10","date_gmt":"2025-09-30T10:51:10","guid":{"rendered":"https:\/\/chahrazadbaby.com\/fr\/?post_type=product&#038;p=55687"},"modified":"2026-03-13T10:56:20","modified_gmt":"2026-03-13T10:56:20","slug":"grenouillere-dhiver-en-fourrure-douce-avec-capuche-a-oreilles","status":"publish","type":"product","link":"https:\/\/chahrazadbaby.com\/ar\/produit\/grenouillere-dhiver-en-fourrure-douce-avec-capuche-a-oreilles\/","title":{"rendered":"Grenouill\u00e8re d&#8217;hiver en fourrure douce avec capuche \u00e0 oreilles"},"content":{"rendered":"<p>Offrez \u00e0 votre b\u00e9b\u00e9 chaleur et confort avec cette adorable grenouill\u00e8re en fourrure ultra-douce. Parfaite pour l\u2019hiver, elle garde votre petit bien au chaud tout en lui donnant un look trop mignon gr\u00e2ce \u00e0 sa capuche orn\u00e9e de petites oreilles.<\/p>\n<p>Mati\u00e8re : fourrure synth\u00e9tique douce et respirante<\/p>\n<p>Fermeture facile et pratique<\/p>\n<p>Pieds et mains int\u00e9gr\u00e9s pour une protection compl\u00e8te<\/p>\n<p>Capuche avec oreilles pour un style craquant<\/p>\n<p>Disponible en plusieurs couleurs : blanc, gris, rose poudr\u00e9, bordeaux,  move<\/p>","protected":false},"excerpt":{"rendered":"<p>Offrez \u00e0 votre b\u00e9b\u00e9 chaleur et confort avec cette adorable grenouill\u00e8re en fourrure ultra-douce. Parfaite pour l\u2019hiver, elle garde votre petit bien au chaud tout en lui donnant un look trop mignon gr\u00e2ce \u00e0 sa capuche orn\u00e9e de petites oreilles. Mati\u00e8re : fourrure synth\u00e9tique douce et respirante Fermeture facile et pratique Pieds et mains int\u00e9gr\u00e9s&#8230;<a class=\"r_more_blog\" href=\"https:\/\/chahrazadbaby.com\/ar\/produit\/grenouillere-dhiver-en-fourrure-douce-avec-capuche-a-oreilles\/#more-55687\"> continue reading<\/a><\/p>","protected":false},"featured_media":55685,"template":"","meta":{"pgc_sgb_lightbox_settings":""},"product_brand":[],"product_cat":[15,48,76,68],"product_tag":[],"class_list":{"0":"post-55687","1":"product","2":"type-product","3":"status-publish","4":"has-post-thumbnail","6":"product_cat-bebe-fille","7":"product_cat-bebe-garcon","8":"product_cat-grenouilleres-bebe-garcon-barboteuses-pyjamas","9":"product_cat-grenouillere-barboteuse-et-pyjama","10":"pa_color-blanc","11":"pa_color-gris","12":"pa_color-nude","13":"pa_color-rose","14":"pa_color-rouge","16":"first","17":"outofstock","18":"shipping-taxable","19":"product-type-variable"},"bundled_by":[],"bundle_stock_status":"outofstock","bundle_stock_quantity":null,"bundle_virtual":false,"bundle_layout":"","bundle_add_to_cart_form_location":"","bundle_editable_in_cart":false,"bundle_sold_individually_context":"","bundle_item_grouping":"","bundle_min_size":"","bundle_max_size":"","bundle_price":[],"bundled_items":[],"bundle_sell_ids":[],"jetpack_sharing_enabled":true,"_links":{"self":[{"href":"https:\/\/chahrazadbaby.com\/ar\/wp-json\/wp\/v2\/product\/55687","targetHints":{"allow":["GET"]}}],"collection":[{"href":"https:\/\/chahrazadbaby.com\/ar\/wp-json\/wp\/v2\/product"}],"about":[{"href":"https:\/\/chahrazadbaby.com\/ar\/wp-json\/wp\/v2\/types\/product"}],"wp:featuredmedia":[{"embeddable":true,"href":"https:\/\/chahrazadbaby.com\/ar\/wp-json\/wp\/v2\/media\/55685"}],"wp:attachment":[{"href":"https:\/\/chahrazadbaby.com\/ar\/wp-json\/wp\/v2\/media?parent=55687"}],"wp:term":[{"taxonomy":"product_brand","embeddable":true,"href":"https:\/\/chahrazadbaby.com\/ar\/wp-json\/wp\/v2\/product_brand?post=55687"},{"taxonomy":"product_cat","embeddable":true,"href":"https:\/\/chahrazadbaby.com\/ar\/wp-json\/wp\/v2\/product_cat?post=55687"},{"taxonomy":"product_tag","embeddable":true,"href":"https:\/\/chahrazadbaby.com\/ar\/wp-json\/wp\/v2\/product_tag?post=55687"}],"curies":[{"name":"wp","href":"https:\/\/api.w.org\/{rel}","templated":true}]}}