{"id":54516,"date":"2025-08-04T12:52:56","date_gmt":"2025-08-04T12:52:56","guid":{"rendered":"https:\/\/chahrazadbaby.com\/fr\/?post_type=product&#038;p=54516"},"modified":"2025-08-30T09:57:16","modified_gmt":"2025-08-30T09:57:16","slug":"coffret-naissance-6-pieces-pour-bebe","status":"publish","type":"product","link":"https:\/\/chahrazadbaby.com\/ar\/produit\/coffret-naissance-6-pieces-pour-bebe\/","title":{"rendered":"coffret naissance 6 pi\u00e8ces pour b\u00e9b\u00e9 &#8211; cadeau pour b\u00e9b\u00e9"},"content":{"rendered":"<p>Coffret cadeau compos\u00e9 de 6 tenues 100 % coton, adapt\u00e9es de 0 \u00e0 9 mois.<\/p>\n<p>Pr\u00e9sent\u00e9 dans un emballage \u00e9l\u00e9gant et pr\u00eat \u00e0 offrir<\/p>\n<p>Parfait pour un cadeau pratique et tendance.<\/p>","protected":false},"excerpt":{"rendered":"<p>Coffret cadeau compos\u00e9 de 6 tenues 100 % coton, adapt\u00e9es de 0 \u00e0 9 mois. Pr\u00e9sent\u00e9 dans un emballage \u00e9l\u00e9gant et pr\u00eat \u00e0 offrir Parfait pour un cadeau pratique et tendance.<\/p>","protected":false},"featured_media":54509,"template":"","meta":{"pgc_sgb_lightbox_settings":""},"product_brand":[],"product_cat":[15],"product_tag":[],"class_list":{"0":"post-54516","1":"product","2":"type-product","3":"status-publish","4":"has-post-thumbnail","6":"product_cat-bebe-fille","8":"first","9":"instock","10":"shipping-taxable","11":"purchasable","12":"product-type-variable"},"bundled_by":[],"bundle_stock_status":"instock","bundle_stock_quantity":null,"bundle_virtual":false,"bundle_layout":"","bundle_add_to_cart_form_location":"","bundle_editable_in_cart":false,"bundle_sold_individually_context":"","bundle_item_grouping":"","bundle_min_size":"","bundle_max_size":"","bundle_price":[],"bundled_items":[],"bundle_sell_ids":[],"jetpack_sharing_enabled":true,"_links":{"self":[{"href":"https:\/\/chahrazadbaby.com\/ar\/wp-json\/wp\/v2\/product\/54516","targetHints":{"allow":["GET"]}}],"collection":[{"href":"https:\/\/chahrazadbaby.com\/ar\/wp-json\/wp\/v2\/product"}],"about":[{"href":"https:\/\/chahrazadbaby.com\/ar\/wp-json\/wp\/v2\/types\/product"}],"wp:featuredmedia":[{"embeddable":true,"href":"https:\/\/chahrazadbaby.com\/ar\/wp-json\/wp\/v2\/media\/54509"}],"wp:attachment":[{"href":"https:\/\/chahrazadbaby.com\/ar\/wp-json\/wp\/v2\/media?parent=54516"}],"wp:term":[{"taxonomy":"product_brand","embeddable":true,"href":"https:\/\/chahrazadbaby.com\/ar\/wp-json\/wp\/v2\/product_brand?post=54516"},{"taxonomy":"product_cat","embeddable":true,"href":"https:\/\/chahrazadbaby.com\/ar\/wp-json\/wp\/v2\/product_cat?post=54516"},{"taxonomy":"product_tag","embeddable":true,"href":"https:\/\/chahrazadbaby.com\/ar\/wp-json\/wp\/v2\/product_tag?post=54516"}],"curies":[{"name":"wp","href":"https:\/\/api.w.org\/{rel}","templated":true}]}}