{"id":53201,"date":"2025-06-30T15:44:36","date_gmt":"2025-06-30T15:44:36","guid":{"rendered":"https:\/\/chahrazadbaby.com\/fr\/?post_type=product&#038;p=53201"},"modified":"2026-04-09T11:48:44","modified_gmt":"2026-04-09T11:48:44","slug":"produit-3","status":"publish","type":"product","link":"https:\/\/chahrazadbaby.com\/ar\/produit\/produit-3\/","title":{"rendered":"DUO Grenouill\u00e8re B\u00e9b\u00e9 100%coton OEKO-TEX antiallergique"},"content":{"rendered":"<p>D\u00e9couvrez notre duo de grenouill\u00e8res con\u00e7u pour les petits amoureux de la nature ! Confectionn\u00e9es en coton organique anti-allergique et certifi\u00e9 OEKO-TEX, ces grenouill\u00e8res offrent une douceur et une s\u00e9curit\u00e9 optimales pour la peau d\u00e9licate de votre b\u00e9b\u00e9. Avec des motifs d\u00e9licats outent une touche de fra\u00eecheur et de tendresse \u00e0 la garde-robe de votre enfant.<br \/>\nMat\u00e9riau : Coton organique anti-allergique respectant les standards OEKO-TEX pour une douceur et une s\u00e9curit\u00e9 incomparable<\/p>\n<p>0.3mois = 52cm<\/p>\n<p>3.6mois = 57cm<\/p>\n<p>6.9mois = 62cm<\/p>","protected":false},"excerpt":{"rendered":"<p>D\u00e9couvrez notre duo de grenouill\u00e8res con\u00e7u pour les petits amoureux de la nature ! Confectionn\u00e9es en coton organique anti-allergique et certifi\u00e9 OEKO-TEX, ces grenouill\u00e8res offrent une douceur et une s\u00e9curit\u00e9 optimales pour la peau d\u00e9licate de votre b\u00e9b\u00e9. Avec des motifs d\u00e9licats outent une touche de fra\u00eecheur et de tendresse \u00e0 la garde-robe de votre&#8230;<a class=\"r_more_blog\" href=\"https:\/\/chahrazadbaby.com\/ar\/produit\/produit-3\/#more-53201\"> continue reading<\/a><\/p>","protected":false},"featured_media":53199,"template":"","meta":{"pgc_sgb_lightbox_settings":""},"product_brand":[],"product_cat":[15,48,76,68],"product_tag":[],"class_list":{"0":"post-53201","1":"product","2":"type-product","3":"status-publish","4":"has-post-thumbnail","6":"product_cat-bebe-fille","7":"product_cat-bebe-garcon","8":"product_cat-grenouilleres-bebe-garcon-barboteuses-pyjamas","9":"product_cat-grenouillere-barboteuse-et-pyjama","10":"pa_color-206","11":"pa_color-207","12":"pa_color-208","13":"pa_color-209","14":"pa_color-210","15":"pa_color-211","16":"pa_color-212","18":"first","19":"instock","20":"sale","21":"shipping-taxable","22":"purchasable","23":"product-type-variable"},"bundled_by":[],"bundle_stock_status":"instock","bundle_stock_quantity":null,"bundle_virtual":false,"bundle_layout":"","bundle_add_to_cart_form_location":"","bundle_editable_in_cart":false,"bundle_sold_individually_context":"","bundle_item_grouping":"","bundle_min_size":"","bundle_max_size":"","bundle_price":[],"bundled_items":[],"bundle_sell_ids":[],"jetpack_sharing_enabled":true,"_links":{"self":[{"href":"https:\/\/chahrazadbaby.com\/ar\/wp-json\/wp\/v2\/product\/53201","targetHints":{"allow":["GET"]}}],"collection":[{"href":"https:\/\/chahrazadbaby.com\/ar\/wp-json\/wp\/v2\/product"}],"about":[{"href":"https:\/\/chahrazadbaby.com\/ar\/wp-json\/wp\/v2\/types\/product"}],"wp:featuredmedia":[{"embeddable":true,"href":"https:\/\/chahrazadbaby.com\/ar\/wp-json\/wp\/v2\/media\/53199"}],"wp:attachment":[{"href":"https:\/\/chahrazadbaby.com\/ar\/wp-json\/wp\/v2\/media?parent=53201"}],"wp:term":[{"taxonomy":"product_brand","embeddable":true,"href":"https:\/\/chahrazadbaby.com\/ar\/wp-json\/wp\/v2\/product_brand?post=53201"},{"taxonomy":"product_cat","embeddable":true,"href":"https:\/\/chahrazadbaby.com\/ar\/wp-json\/wp\/v2\/product_cat?post=53201"},{"taxonomy":"product_tag","embeddable":true,"href":"https:\/\/chahrazadbaby.com\/ar\/wp-json\/wp\/v2\/product_tag?post=53201"}],"curies":[{"name":"wp","href":"https:\/\/api.w.org\/{rel}","templated":true}]}}