{"id":52510,"date":"2025-05-25T17:07:38","date_gmt":"2025-05-25T17:07:38","guid":{"rendered":"https:\/\/chahrazadbaby.com\/fr\/?post_type=product&#038;p=52510"},"modified":"2026-03-27T09:43:37","modified_gmt":"2026-03-27T09:43:37","slug":"pyjama-bebe-2-pieces-big-love-100-coton-oeko-tex","status":"publish","type":"product","link":"https:\/\/chahrazadbaby.com\/ar\/produit\/pyjama-bebe-2-pieces-big-love-100-coton-oeko-tex\/","title":{"rendered":"Pyjama B\u00e9b\u00e9 2 Pi\u00e8ces \u2013 &#8220;BIG LOVE &#8221; \u2013 100% Coton OEKO-TEX"},"content":{"rendered":"<p>Offrez \u00e0 votre b\u00e9b\u00e9 confort et douceur avec ce joli pyjama 2 pi\u00e8ces, compos\u00e9 d\u2019un haut \u00e0 boutons-pression crois\u00e9s et d\u2019un pantalon \u00e0 pieds int\u00e9gr\u00e9s pour 0.3 et 3.6 mois et ouvertpour 6.9mois.<\/p>\n<p>Confectionn\u00e9 en coton 100% certifi\u00e9 OEKO-TEX, il est id\u00e9al pour la peau sensible des tout-petits. Avec ses motifs adorables d\u2019escargots, arcs-en-ciel et papillons, ce pyjama est parfait pour accompagner b\u00e9b\u00e9 dans ses doux r\u00eaves.<\/p>\n<p>Tailles disponibles : 0-3 mois \/ 3-6 mois \/ 6-9 mois<\/p>\n<p>Composition : 100% coton certifi\u00e9 OEKO-TEX<\/p>\n<p>Fermeture : Boutons-pression sur le devant pour un habillage facile<\/p>","protected":false},"excerpt":{"rendered":"<p>Offrez \u00e0 votre b\u00e9b\u00e9 confort et douceur avec ce joli pyjama 2 pi\u00e8ces, compos\u00e9 d\u2019un haut \u00e0 boutons-pression crois\u00e9s et d\u2019un pantalon \u00e0 pieds int\u00e9gr\u00e9s pour 0.3 et 3.6 mois et ouvertpour 6.9mois. Confectionn\u00e9 en coton 100% certifi\u00e9 OEKO-TEX, il est id\u00e9al pour la peau sensible des tout-petits. Avec ses motifs adorables d\u2019escargots, arcs-en-ciel et&#8230;<a class=\"r_more_blog\" href=\"https:\/\/chahrazadbaby.com\/ar\/produit\/pyjama-bebe-2-pieces-big-love-100-coton-oeko-tex\/#more-52510\"> continue reading<\/a><\/p>","protected":false},"featured_media":52507,"template":"","meta":{"pgc_sgb_lightbox_settings":""},"product_brand":[],"product_cat":[15,149,68],"product_tag":[],"class_list":{"0":"post-52510","1":"product","2":"type-product","3":"status-publish","4":"has-post-thumbnail","6":"product_cat-bebe-fille","7":"product_cat-ensembles","8":"product_cat-grenouillere-barboteuse-et-pyjama","10":"first","11":"instock","12":"sale","13":"shipping-taxable","14":"purchasable","15":"product-type-variable"},"bundled_by":[],"bundle_stock_status":"instock","bundle_stock_quantity":80,"bundle_virtual":false,"bundle_layout":"","bundle_add_to_cart_form_location":"","bundle_editable_in_cart":false,"bundle_sold_individually_context":"","bundle_item_grouping":"","bundle_min_size":"","bundle_max_size":"","bundle_price":[],"bundled_items":[],"bundle_sell_ids":[],"jetpack_sharing_enabled":true,"_links":{"self":[{"href":"https:\/\/chahrazadbaby.com\/ar\/wp-json\/wp\/v2\/product\/52510","targetHints":{"allow":["GET"]}}],"collection":[{"href":"https:\/\/chahrazadbaby.com\/ar\/wp-json\/wp\/v2\/product"}],"about":[{"href":"https:\/\/chahrazadbaby.com\/ar\/wp-json\/wp\/v2\/types\/product"}],"wp:featuredmedia":[{"embeddable":true,"href":"https:\/\/chahrazadbaby.com\/ar\/wp-json\/wp\/v2\/media\/52507"}],"wp:attachment":[{"href":"https:\/\/chahrazadbaby.com\/ar\/wp-json\/wp\/v2\/media?parent=52510"}],"wp:term":[{"taxonomy":"product_brand","embeddable":true,"href":"https:\/\/chahrazadbaby.com\/ar\/wp-json\/wp\/v2\/product_brand?post=52510"},{"taxonomy":"product_cat","embeddable":true,"href":"https:\/\/chahrazadbaby.com\/ar\/wp-json\/wp\/v2\/product_cat?post=52510"},{"taxonomy":"product_tag","embeddable":true,"href":"https:\/\/chahrazadbaby.com\/ar\/wp-json\/wp\/v2\/product_tag?post=52510"}],"curies":[{"name":"wp","href":"https:\/\/api.w.org\/{rel}","templated":true}]}}