{"id":52087,"date":"2025-05-07T20:35:15","date_gmt":"2025-05-07T20:35:15","guid":{"rendered":"https:\/\/chahrazadbaby.com\/fr\/?post_type=product&#038;p=52087"},"modified":"2026-02-02T11:46:57","modified_gmt":"2026-02-02T11:46:57","slug":"produit-2-2","status":"publish","type":"product","link":"https:\/\/chahrazadbaby.com\/ar\/produit\/produit-2-2\/","title":{"rendered":"Serviette de bain b\u00e9b\u00e9 &#8220;CAMPING&#8221;"},"content":{"rendered":"<p>Serviette de bain b\u00e9b\u00e9 avec capuche + kise<\/p>\n<p>Coton 100% tout doux, parfaite pour s\u00e9cher b\u00e9b\u00e9 en douceur apr\u00e8s le bain. Capuche int\u00e9gr\u00e9e pour garder sa petite t\u00eate au chaud. Livr\u00e9e avec une lifa douce sp\u00e9ciale pour la peau d\u00e9licate de b\u00e9b\u00e9.<\/p>\n<p>\ud83d\udcd0: 80\u00d780cm<\/p>\n<p>\ud83e\uddf5: 100% coton<\/p>","protected":false},"excerpt":{"rendered":"<p>Serviette de bain b\u00e9b\u00e9 avec capuche + kise Coton 100% tout doux, parfaite pour s\u00e9cher b\u00e9b\u00e9 en douceur apr\u00e8s le bain. Capuche int\u00e9gr\u00e9e pour garder sa petite t\u00eate au chaud. Livr\u00e9e avec une lifa douce sp\u00e9ciale pour la peau d\u00e9licate de b\u00e9b\u00e9. \ud83d\udcd0: 80\u00d780cm \ud83e\uddf5: 100% coton<\/p>","protected":false},"featured_media":52088,"template":"","meta":{"pgc_sgb_lightbox_settings":""},"product_brand":[],"product_cat":[15,48,72,80],"product_tag":[],"class_list":{"0":"post-52087","1":"product","2":"type-product","3":"status-publish","4":"has-post-thumbnail","6":"product_cat-bebe-fille","7":"product_cat-bebe-garcon","8":"product_cat-sortie-de-bain","9":"product_cat-sortie-de-bain-bebe-garcon","11":"first","12":"instock","13":"sale","14":"shipping-taxable","15":"purchasable","16":"product-type-simple"},"bundled_by":[],"bundle_stock_status":"instock","bundle_stock_quantity":null,"bundle_virtual":false,"bundle_layout":"","bundle_add_to_cart_form_location":"","bundle_editable_in_cart":false,"bundle_sold_individually_context":"","bundle_item_grouping":"","bundle_min_size":"","bundle_max_size":"","bundle_price":[],"bundled_items":[],"bundle_sell_ids":[],"jetpack_sharing_enabled":true,"_links":{"self":[{"href":"https:\/\/chahrazadbaby.com\/ar\/wp-json\/wp\/v2\/product\/52087","targetHints":{"allow":["GET"]}}],"collection":[{"href":"https:\/\/chahrazadbaby.com\/ar\/wp-json\/wp\/v2\/product"}],"about":[{"href":"https:\/\/chahrazadbaby.com\/ar\/wp-json\/wp\/v2\/types\/product"}],"wp:featuredmedia":[{"embeddable":true,"href":"https:\/\/chahrazadbaby.com\/ar\/wp-json\/wp\/v2\/media\/52088"}],"wp:attachment":[{"href":"https:\/\/chahrazadbaby.com\/ar\/wp-json\/wp\/v2\/media?parent=52087"}],"wp:term":[{"taxonomy":"product_brand","embeddable":true,"href":"https:\/\/chahrazadbaby.com\/ar\/wp-json\/wp\/v2\/product_brand?post=52087"},{"taxonomy":"product_cat","embeddable":true,"href":"https:\/\/chahrazadbaby.com\/ar\/wp-json\/wp\/v2\/product_cat?post=52087"},{"taxonomy":"product_tag","embeddable":true,"href":"https:\/\/chahrazadbaby.com\/ar\/wp-json\/wp\/v2\/product_tag?post=52087"}],"curies":[{"name":"wp","href":"https:\/\/api.w.org\/{rel}","templated":true}]}}