{"id":7,"date":"2022-09-03T16:23:55","date_gmt":"2022-09-03T16:23:55","guid":{"rendered":"https:\/\/chahrazadbaby.com\/index.php\/boutique\/"},"modified":"2025-04-12T00:02:18","modified_gmt":"2025-04-12T00:02:18","slug":"boutiquevetements-bebe-coton-naturel","status":"publish","type":"page","link":"https:\/\/chahrazadbaby.com\/ar\/boutiquevetements-bebe-coton-naturel\/","title":{"rendered":"Boutique"},"content":{"rendered":"<p style=\"text-align: left;\">D\u00e9couvrez notre collection de<em><strong> v\u00eatements b\u00e9b\u00e9 au Maroc<\/strong><\/em> chez Chahrazad Baby : pyjamas, ensembles et bodies pour nouveau-n\u00e9 de 0 \u00e0 36 mois et <em><strong>v\u00eatements pour enfants<\/strong><\/em> jusqu&#8217;\u00e0 5ans\u00a0<\/p>\n\n\n<p><\/p>","protected":false},"excerpt":{"rendered":"<p>D\u00e9couvrez notre collection de v\u00eatements b\u00e9b\u00e9 au Maroc chez Chahrazad Baby : pyjamas, ensembles et bodies pour nouveau-n\u00e9 de 0 \u00e0 36 mois et v\u00eatements pour enfants jusqu&#8217;\u00e0 5ans\u00a0<\/p>","protected":false},"author":1,"featured_media":0,"parent":0,"menu_order":0,"comment_status":"closed","ping_status":"closed","template":"","meta":{"pgc_sgb_lightbox_settings":"","footnotes":""},"class_list":["post-7","page","type-page","status-publish","hentry"],"jetpack_sharing_enabled":true,"_links":{"self":[{"href":"https:\/\/chahrazadbaby.com\/ar\/wp-json\/wp\/v2\/pages\/7","targetHints":{"allow":["GET"]}}],"collection":[{"href":"https:\/\/chahrazadbaby.com\/ar\/wp-json\/wp\/v2\/pages"}],"about":[{"href":"https:\/\/chahrazadbaby.com\/ar\/wp-json\/wp\/v2\/types\/page"}],"author":[{"embeddable":true,"href":"https:\/\/chahrazadbaby.com\/ar\/wp-json\/wp\/v2\/users\/1"}],"replies":[{"embeddable":true,"href":"https:\/\/chahrazadbaby.com\/ar\/wp-json\/wp\/v2\/comments?post=7"}],"version-history":[{"count":14,"href":"https:\/\/chahrazadbaby.com\/ar\/wp-json\/wp\/v2\/pages\/7\/revisions"}],"predecessor-version":[{"id":59990,"href":"https:\/\/chahrazadbaby.com\/ar\/wp-json\/wp\/v2\/pages\/7\/revisions\/59990"}],"wp:attachment":[{"href":"https:\/\/chahrazadbaby.com\/ar\/wp-json\/wp\/v2\/media?parent=7"}],"curies":[{"name":"wp","href":"https:\/\/api.w.org\/{rel}","templated":true}]}}