{"id":13,"date":"2019-01-14T10:42:06","date_gmt":"2019-01-14T10:42:06","guid":{"rendered":"http:\/\/babystreet.althemist.com\/?page_id=13"},"modified":"2022-11-15T09:40:06","modified_gmt":"2022-11-15T09:40:06","slug":"terms-conditions","status":"publish","type":"page","link":"https:\/\/chahrazadbaby.com\/ar\/terms-conditions\/","title":{"rendered":"Conditions G\u00e9n\u00e9rales De Vente"},"content":{"rendered":"<h4 class=\"wp-block-heading\">AVERTISSEMENT<\/h4>\n\n\n\n<p>Vous venez de vous connecter sur le site\u00a0 <a href=\"https:\/\/chahrazadbaby.com\/ar\/\" data-type=\"URL\" data-id=\"www.chahrazadbaby.com\">www.chahrazadbaby.com<\/a> de la marque CHAHRAZAD BABY\u00a0&amp; KIDS .<br>Vous devez lire attentivement les dispositions qui vont suivre car elles constituent un contact \u00e9tablissant les conditions g\u00e9n\u00e9rales des produits et services du catalogue (ou de la boutique) \u00e9lectronique de CHAHRAZAD BABY\u00a0&amp; KIDS .<br>Le \u00ab\u00a0clic\u00a0\u00bb que vous ex\u00e9cuterez apr\u00e8s avoir rempli votre bon de commande constitue la validation de votre commande et vaudra acceptation irr\u00e9vocable des pr\u00e9sentes conditions g\u00e9n\u00e9rales.<br>En cons\u00e9quence, vous ne pouvez commander de produits ou services que si vous acceptez les conditions pr\u00e9vues ci-dessous.<\/p>\n\n\n\n<h4 class=\"wp-block-heading\">1. Pr\u00e9ambule<\/h4>\n\n\n\n<p>Les conditions g\u00e9n\u00e9rales de vente suivantes r\u00e9gissent l\u2019ensemble des transactions \u00e9tablies sur le catalogue web de\u00a0<a href=\"https:\/\/chahrazadkids.com\/\" rel=\"nofollow noopener\" target=\"_blank\"><a href=\"https:\/\/chahrazadbaby.com\/ar\/\" data-type=\"URL\" data-id=\"www.chahrazadbaby.com\">www.chahrazadbaby.com<\/a><\/a>\u00a0Toute commande pass\u00e9e sur ce site suppose du client son acceptation inconditionnelle et irr\u00e9vocable de ces conditions.<\/p>\n\n\n\n<h4 class=\"wp-block-heading\">2. Objet<\/h4>\n\n\n\n<p>Le pr\u00e9sent contrat est un contrat \u00e0 distance qui a pour objet de d\u00e9finir les droits et obligations des parties dans le cadre de la vente des produits de CHAHRAZAD BABY\u00a0&amp; KIDS sur Internet, par l\u2019interm\u00e9diaire de la plate-forme s\u00e9curis\u00e9e de paiement en ligne du Centre Mon\u00e9tique Interbancaire.\u00a0\u00a0<a href=\"https:\/\/chahrazadkids.com\/\" rel=\"nofollow noopener\" target=\"_blank\"><\/a><a href=\"https:\/\/chahrazadbaby.com\/ar\/\" data-type=\"URL\" data-id=\"www.chahrazadbaby.com\">www.chahrazadbaby.com<\/a>\u00a0est un service et une marque d\u00e9pos\u00e9s Au Maroc .<\/p>\n\n\n\n<h4 class=\"wp-block-heading\">3. D\u00e9finitions<\/h4>\n\n\n\n<ul class=\"wp-block-list\">\n<li>Dans la suite du contrat, chacune des expressions mentionn\u00e9es ci-dessus s\u2019entendra au sens de sa d\u00e9finition, \u00e0 savoir :<\/li>\n\n\n\n<li>\u00ab Contrat \u00e0 distance \u00bb : tout contrat concernant des biens ou services entre CHAHRAZAD BABY\u00a0&amp; KIDS  et un Consommateur dans le cadre d\u2019un syst\u00e8me de vente ou de prestations de service \u00e0 distance organis\u00e9 par la marque CHAHRAZAD BABY\u00a0&amp; KIDS qui, pour ce contrat, utilise exclusivement le r\u00e9seau Internet jusqu\u2019\u00e0 la conclusion du contrat, y compris la conclusion du contrat elle-m\u00eame.<\/li>\n\n\n\n<li>\u00ab Consommateur \u00bb : toute personne physique qui, dans le pr\u00e9sent contrat, agit \u00e0 des fins qui n\u2019entrent pas dans le cadre de son activit\u00e9 professionnelle.<\/li>\n\n\n\n<li>\u00ab Bon de commande \u00bb : document qui indique les caract\u00e9ristiques des Produits command\u00e9s par le Consommateur et qui doit \u00eatre sign\u00e9 de lui par \u00ab double clic \u00bb pour l\u2019engager.<\/li>\n\n\n\n<li>\u00ab Commande \u00bb: acte par lequel le Consommateur s\u2019engage \u00e0 acheter des Produits et CHAHRAZAD BABY\u00a0&amp; KIDS \u00e0 les livrer.<\/li>\n<\/ul>\n\n\n\n<h4 class=\"wp-block-heading\">4. Produit<\/h4>\n\n\n\n<p>Tous les produits pr\u00e9sents dans le catalogue sont commercialis\u00e9s jusqu\u2019\u00e0 \u00e9puisement des stocks.<br>CHAHRAZAD BABY\u00a0&amp; KIDS se r\u00e9serve le droit de retirer du catalogue un article, et ceci sans pr\u00e9avis. Elle ne peut en aucun cas \u00eatre tenu de d\u00e9dommager ou d\u2019annuler une commande suite \u00e0 l\u2019impossibilit\u00e9 d\u2019utiliser le produit achet\u00e9 pour une raison d\u2019incompatibilit\u00e9 avec le mat\u00e9riel d\u00e9j\u00e0 poss\u00e9d\u00e9 par l\u2019acheteur.<\/p>\n\n\n\n<h4 class=\"wp-block-heading\">5. Passer une commande<\/h4>\n\n\n\n<p>Apr\u00e8s avoir trouver le ou les produits qui vous int\u00e9resse, cliquer sur le bouton \u2018\u2019commander\u2019\u2019, le produit est alors ajout\u00e9 dans votre bon de commande.<br>Vous pouvez \u00e0 tout instant modifier votre bon de commande et vous pouvez retourner au catalogue en appuyant sur poursuivre les achats.<br>Lorsque vous avez termin\u00e9 vos achats, valider votre commande en cliquant sur le bouton de commande \u2018\u2019 payer\u2019\u2019.<br>En cas d\u2019erreur de votre part, au moment de votre saisie sur le bon de commande, nous vous conseillons de nous adresser dans les 24 h une demande d\u2019annulation par e-mail. Apr\u00e8s annulation de la commande par le site\u00a0<a href=\"https:\/\/chahrazadkids.com\/\" rel=\"nofollow noopener\" target=\"_blank\"><a href=\"https:\/\/chahrazadbaby.com\/ar\/\" data-type=\"URL\" data-id=\"www.chahrazadbaby.com\">www.chahrazadbaby.com<\/a><\/a>\u00a0vous pouvez commander \u00e0 nouveau.\u00a0<\/p>\n\n\n\n<h4 class=\"wp-block-heading\">6. Prix<\/h4>\n\n\n\n<p>Les prix mentionn\u00e9s sur le catalogue sont indiqu\u00e9s en dirham marocain hors taxe, sont valables au moment de leur consultation par le client et sont ceux en vigueur au moment de la commande.<\/p>\n\n\n\n<h4 class=\"wp-block-heading\">7. Ex\u00e9cution de la commande<\/h4>\n\n\n\n<p>La commande sera ex\u00e9cut\u00e9e au plus tard dans un d\u00e9lai de 7 jours \u00e0 compter du jour suivant celui o\u00f9 le Consommateur a pass\u00e9 sa commande.<br>En cas d\u2019indisponibilit\u00e9 du Produit command\u00e9, le Consommateur en sera inform\u00e9 au plus t\u00f4t et aura la possibilit\u00e9 d\u2019annuler sa commande.<br>Il aura alors le choix de demander soit le remboursement des sommes vers\u00e9es dans les trente jours au plus tard de leur versement, soit l\u2019\u00e9change du Produit.<\/p>\n\n\n\n<h4 class=\"wp-block-heading\">8. Livraison<\/h4>\n\n\n\n<p>La livraison n\u2019est pas assur\u00e9e par CHAHRAZAD BABY\u00a0&amp; KIDS Le client r\u00e9cup\u00e8rera sa marchandise dans l\u2019adresse de livraison indiqu\u00e9e sur son Bon de commande.<br>Les Produits sont livr\u00e9s \u00e0 l\u2019adresse indiqu\u00e9e par le Consommateur sur le Bon de commande. Le Consommateur est tenu de v\u00e9rifier la marchandise \u00e0 la livraison et de signaler les dommages dus au transporteur sur le bon de livraison ainsi qu\u2019\u00e0 CHAHRAZAD BABY\u00a0&amp; KIDS dans un d\u00e9lai d\u2019un jour.<br>Le Consommateur peut, \u00e0 sa demande, obtenir l\u2019envoi d\u2019une facture \u00e0 l\u2019adresse de livraison en validant l\u2019option pr\u00e9vue \u00e0 cet effet sur le Bon de commande.<\/p>\n\n\n\n<p><strong>Combien co\u00fbte la livraison ?<\/strong><br>Les frais de transport sont \u00e0 la charge de l\u2019acheteur pour touts achat inferieur de 1000 dh et\u00a0 les produits en promotion\u00a0 \u00a0;<br>\u2013 Au Maroc et \u00e0 l\u2019\u00e9tranger, ils sont bas\u00e9s sur les tarifs  AMANA EXPRESSE\u00a0, DHL \u2026 en envoi recommand\u00e9.<br>\u2013 Nos tarifs s\u2019entendent TTC et sont calcul\u00e9s sur la base du poids des produits.<br>\u2013 Le co\u00fbt du transport de votre livraison est indiqu\u00e9 sur votre facture.<br>\u2013 Il diminue avec la quantit\u00e9 command\u00e9e. Le mieux est de regrouper vos commandes.<\/p>\n\n\n\n<p><strong>Quels sont les d\u00e9lais de livraison&nbsp;?<\/strong><br>Apr\u00e8s la r\u00e9ception de votre r\u00e8glement, votre commande est exp\u00e9di\u00e9e dans les 48 heures au Maroc, sous r\u00e9serve de stock disponible.<br>Au Maroc et \u00e0 l\u2019\u00e9tranger, les articles vous seront envoy\u00e9s par poste en recommand\u00e9.<br>Les \u00e9ventuels retards ne sauraient donner lieu ni \u00e0 des dommages et int\u00e9r\u00eats, ni \u00e0 annulation de commande, ni refus de prendre la livraison.&nbsp;<\/p>\n\n\n\n<h4 class=\"wp-block-heading\">9. Mode de paiement<\/h4>\n\n\n\n<p>Pour r\u00e9gler votre commande, vous choisissez le moyen de paiement parmi ceux propos\u00e9s par\u00a0<a href=\"https:\/\/chahrazadkids.com\/\" rel=\"nofollow noopener\" target=\"_blank\"><\/a><a href=\"https:\/\/chahrazadbaby.com\/ar\/\" data-type=\"URL\" data-id=\"www.chahrazadbaby.com\">www.chahrazadbaby.com<\/a>\u00a0au niveau de la page de paiement.<br>Dans ce cas, la remise de la transaction pour d\u00e9bit de votre compte est effectu\u00e9e dans la journ\u00e9e qui suit la date de la confirmation de livraison.<br>Vos paiements en ligne sont s\u00e9curis\u00e9s par le Centre Mon\u00e9tique Interbancaire (CMI) qui offre un service de paiement enti\u00e8rement s\u00e9curis\u00e9.<br>Le Consommateur garantit CHAHRAZADK BABY\u00a0&amp; KIDS qu\u2019il dispose des autorisations \u00e9ventuellement n\u00e9cessaires pour utiliser le mode de paiement choisi par lui, lors de la validation du Bon de commande.<br>En cas de paiement par carte bancaire, les dispositions relatives \u00e0 l\u2019utilisation frauduleuse du moyen de paiement pr\u00e9vues dans les conventions conclues entre le Consommateur et l\u2019\u00e9metteur de la carte et entre CHAHRAZAD BABY\u00a0&amp; KIDS et son \u00e9tablissement bancaire s\u2019appliquent.<\/p>\n\n\n\n<h4 class=\"wp-block-heading\">10. Confidentialit\u00e9 des donn\u00e9es<\/h4>\n\n\n\n<p>Les informations qui vous sont demand\u00e9es sont n\u00e9cessaires au traitement de<br>votre commande et elles sont trait\u00e9es de mani\u00e8re confidentielle.<br>Vous disposez d\u2019un droit de rectification relatif aux donn\u00e9es vous concernant.<\/p>\n\n\n\n<h4 class=\"wp-block-heading\">11. Annuler une commande pay\u00e9e par carte bancaire<\/h4>\n\n\n\n<p>En cas d\u2019annulation&nbsp;: les clients devront contactez le service de r\u00e9clamation sur le email&nbsp;<a href=\"mailto:chahrazadbaby@gmail.com\">chahrazadbaby@gmail.com<\/a>&nbsp;ou sur les num\u00e9ros afficher sur le site&nbsp;<a href=\"https:\/\/chahrazadbaby.com\/ar\/\" data-type=\"URL\" data-id=\"www.chahrazadbaby.com\">www.chahrazadbaby.com<\/a>&nbsp; .<\/p>\n\n\n\n<h4 class=\"wp-block-heading\">12. Droit de r\u00e9tractation<\/h4>\n\n\n\n<p>A compter de la date de livraison de votre commande, vous disposez d\u2019un d\u00e9lai de 7 jours pour faire valoir votre droit de r\u00e9tractation, et \u00eatre int\u00e9gralement rembours\u00e9. Les frais de renvoi des marchandises restant \u00e0 votre charge. Cependant, seules les marchandises retourn\u00e9es en parfait \u00e9tat de revente, compl\u00e8tes et dans leur emballage d\u2019origine (non-ouvert) pourront \u00eatre rembours\u00e9es.<\/p>\n\n\n\n<h4 class=\"wp-block-heading\">13. Garantie<\/h4>\n\n\n\n<p>Tous les produits vendus sur le catalogue sont garantis contre les d\u00e9fauts de fabrication et vice de mati\u00e8re. La dur\u00e9e de cette garantie est d\u2019au moins une ann\u00e9e (\u00e0 partir de la date de facture). En cas de retour de mat\u00e9riel s\u2019av\u00e9rant non d\u00e9fectueux, des frais de transport et de manutention pourront \u00eatre factur\u00e9s au client. Cette garantie ne couvre pas les dommages r\u00e9sultant d\u2019accidents, de mauvaise utilisation ou de n\u00e9gligence.<\/p>\n\n\n\n<h4 class=\"wp-block-heading\">14. Preuve des transactions pay\u00e9s par carte bancaire<\/h4>\n\n\n\n<p>Les donn\u00e9es enregistr\u00e9es par le CMI sur la plate-forme de paiement en ligne pour le compte de CHAHRAZAD BABY\u00a0&amp; KIDS constituent la preuve des transactions commerciales pass\u00e9es entre vous et la marque\u00a0 <a href=\"https:\/\/chahrazadbaby.com\/ar\/\" data-type=\"URL\" data-id=\"www.chahrazadbaby.com\">www.chahrazadbaby.com<\/a><\/p>\n\n\n\n<h4 class=\"wp-block-heading\">15. Force majeure<\/h4>\n\n\n\n<p>CHAHRAZAD BABY\u00a0&amp; KIDS\u00a0 n\u2019est tenu pour l\u2019ex\u00e9cution de ses obligations que dans la mesure o\u00f9 aucun \u00e9v\u00e9nement de force majeure ne vient les entraver.<\/p>","protected":false},"excerpt":{"rendered":"<p>AVERTISSEMENT Vous venez de vous connecter sur le site\u00a0 www.chahrazadbaby.com de la marque CHAHRAZAD BABY\u00a0&amp; KIDS .Vous devez lire attentivement les dispositions qui vont suivre car elles constituent un contact \u00e9tablissant les conditions g\u00e9n\u00e9rales des produits et services du catalogue (ou de la boutique) \u00e9lectronique de CHAHRAZAD BABY\u00a0&amp; KIDS .Le \u00ab\u00a0clic\u00a0\u00bb que vous ex\u00e9cuterez apr\u00e8s&#8230;<a class=\"r_more_blog\" href=\"https:\/\/chahrazadbaby.com\/ar\/terms-conditions\/#more-13\"> continue reading<\/a><\/p>","protected":false},"author":1,"featured_media":0,"parent":0,"menu_order":0,"comment_status":"closed","ping_status":"closed","template":"","meta":{"pgc_sgb_lightbox_settings":"","footnotes":""},"class_list":["post-13","page","type-page","status-publish","hentry"],"jetpack_sharing_enabled":true,"_links":{"self":[{"href":"https:\/\/chahrazadbaby.com\/ar\/wp-json\/wp\/v2\/pages\/13","targetHints":{"allow":["GET"]}}],"collection":[{"href":"https:\/\/chahrazadbaby.com\/ar\/wp-json\/wp\/v2\/pages"}],"about":[{"href":"https:\/\/chahrazadbaby.com\/ar\/wp-json\/wp\/v2\/types\/page"}],"author":[{"embeddable":true,"href":"https:\/\/chahrazadbaby.com\/ar\/wp-json\/wp\/v2\/users\/1"}],"replies":[{"embeddable":true,"href":"https:\/\/chahrazadbaby.com\/ar\/wp-json\/wp\/v2\/comments?post=13"}],"version-history":[{"count":3,"href":"https:\/\/chahrazadbaby.com\/ar\/wp-json\/wp\/v2\/pages\/13\/revisions"}],"predecessor-version":[{"id":35602,"href":"https:\/\/chahrazadbaby.com\/ar\/wp-json\/wp\/v2\/pages\/13\/revisions\/35602"}],"wp:attachment":[{"href":"https:\/\/chahrazadbaby.com\/ar\/wp-json\/wp\/v2\/media?parent=13"}],"curies":[{"name":"wp","href":"https:\/\/api.w.org\/{rel}","templated":true}]}}